{"id":21,"date":"2021-07-02T13:20:17","date_gmt":"2021-07-02T13:20:17","guid":{"rendered":"https:\/\/serieq.com.br\/?page_id=21"},"modified":"2023-05-26T18:16:04","modified_gmt":"2023-05-26T18:16:04","slug":"about","status":"publish","type":"page","link":"https:\/\/serieq.com.br\/index.php\/about\/","title":{"rendered":"Quem Somos"},"content":{"rendered":"\n<figure class=\"wp-block-image size-full\"><img fetchpriority=\"high\" decoding=\"async\" width=\"1024\" height=\"768\" src=\"https:\/\/serieq.com.br\/wp-content\/uploads\/2021\/10\/qr.png\" alt=\"\" class=\"wp-image-522 img-responsive\" srcset=\"https:\/\/serieq.com.br\/wp-content\/uploads\/2021\/10\/qr.png 1024w, https:\/\/serieq.com.br\/wp-content\/uploads\/2021\/10\/qr-300x225.png 300w, https:\/\/serieq.com.br\/wp-content\/uploads\/2021\/10\/qr-768x576.png 768w, https:\/\/serieq.com.br\/wp-content\/uploads\/2021\/10\/qr-750x563.png 750w\" sizes=\"(max-width: 1024px) 100vw, 1024px\" \/><\/figure>\n\n\n\n<p>Desde 1985, a <strong>S\u00e9rie-Q<\/strong> se destaca no desenvolvimento de softwares e aplica\u00e7\u00f5es para Automa\u00e7\u00e3o e Controle da Qualidade Industrial no Brasil. Nossa ampla gama de produtos abrange \u00e1reas como Metrologia, Controle Estat\u00edstico do Processo, Inspe\u00e7\u00e3o Autom\u00e1tica e aplicativos de coleta de dados em tempo real, com integra\u00e7\u00e3o a bancos de dados e sistemas corporativos. Al\u00e9m disso, oferecemos servi\u00e7os completos de consultoria e assessoria para a elabora\u00e7\u00e3o e implanta\u00e7\u00e3o de projetos.<\/p>\n\n\n\n<p>Nossa miss\u00e3o \u00e9 fornecer solu\u00e7\u00f5es e aplica\u00e7\u00f5es de Qualidade Industrial que atendam \u00e0s normas dos \u00f3rg\u00e3os de certifica\u00e7\u00e3o e, acima de tudo, atendam \u00e0s necessidades dos usu\u00e1rios. Oferecemos ferramentas robustas para impulsionar o desenvolvimento da qualidade industrial brasileira.<\/p>\n\n\n\n<p>Conte com nossa equipe capacitada em todas as etapas do seu projeto, desde o esbo\u00e7o inicial at\u00e9 as diversas formas de suporte t\u00e9cnico para facilitar sua rotina. Estamos sempre ao seu lado, proporcionando solu\u00e7\u00f5es completas para o seu processo de Qualidade Industrial, alinhadas \u00e0 cultura e necessidades espec\u00edficas da sua empresa. Trabalhamos em parceria com sua equipe, desenvolvendo projetos simples, eficazes e totalmente adaptados \u00e0s suas necessidades e aos requisitos do seu mercado de neg\u00f3cios.<\/p>\n\n\n\n<figure class=\"wp-block-image size-full\"><img decoding=\"async\" width=\"1024\" height=\"768\" src=\"https:\/\/serieq.com.br\/wp-content\/uploads\/2021\/09\/2-1.png\" alt=\"\" class=\"wp-image-505 img-responsive\" srcset=\"https:\/\/serieq.com.br\/wp-content\/uploads\/2021\/09\/2-1.png 1024w, https:\/\/serieq.com.br\/wp-content\/uploads\/2021\/09\/2-1-300x225.png 300w, https:\/\/serieq.com.br\/wp-content\/uploads\/2021\/09\/2-1-768x576.png 768w, https:\/\/serieq.com.br\/wp-content\/uploads\/2021\/09\/2-1-750x563.png 750w\" sizes=\"(max-width: 1024px) 100vw, 1024px\" \/><\/figure>\n","protected":false},"excerpt":{"rendered":"<p>Desde 1985, a S\u00e9rie-Q se destaca no desenvolvimento de softwares e aplica\u00e7\u00f5es para Automa\u00e7\u00e3o e Controle da Qualidade Industrial no Brasil. Nossa ampla gama de produtos abrange \u00e1reas como Metrologia, Controle Estat\u00edstico do Processo, Inspe\u00e7\u00e3o Autom\u00e1tica e aplicativos de coleta de dados em tempo real, com integra\u00e7\u00e3o a bancos de dados e sistemas corporativos. Al\u00e9m &#8230; <a href=\"https:\/\/serieq.com.br\/index.php\/about\/\" class=\"more-link text-uppercase small\"><strong>Continue Reading<\/strong> <i class=\"fa fa-angle-double-right\" aria-hidden=\"true\"><\/i><\/a><\/p>\n","protected":false},"author":1,"featured_media":0,"parent":0,"menu_order":0,"comment_status":"closed","ping_status":"closed","template":"","meta":{"_monsterinsights_skip_tracking":false,"_monsterinsights_sitenote_active":false,"_monsterinsights_sitenote_note":"","_monsterinsights_sitenote_category":0,"footnotes":""},"class_list":["post-21","page","type-page","status-publish","hentry"],"aioseo_notices":[],"yoast_head":"<!-- This site is optimized with the Yoast SEO plugin v25.9 - https:\/\/yoast.com\/wordpress\/plugins\/seo\/ -->\n<title>Quem Somos - S\u00e9rie-Q Inform\u00e1tica<\/title>\n<meta name=\"robots\" content=\"index, follow, max-snippet:-1, max-image-preview:large, max-video-preview:-1\" \/>\n<link rel=\"canonical\" href=\"https:\/\/serieq.com.br\/index.php\/about\/\" \/>\n<meta property=\"og:locale\" content=\"en_US\" \/>\n<meta property=\"og:type\" content=\"article\" \/>\n<meta property=\"og:title\" content=\"Quem Somos - S\u00e9rie-Q Inform\u00e1tica\" \/>\n<meta property=\"og:description\" content=\"Desde 1985, a S\u00e9rie-Q se destaca no desenvolvimento de softwares e aplica\u00e7\u00f5es para Automa\u00e7\u00e3o e Controle da Qualidade Industrial no Brasil. Nossa ampla gama de produtos abrange \u00e1reas como Metrologia, Controle Estat\u00edstico do Processo, Inspe\u00e7\u00e3o Autom\u00e1tica e aplicativos de coleta de dados em tempo real, com integra\u00e7\u00e3o a bancos de dados e sistemas corporativos. Al\u00e9m ... Continue Reading\" \/>\n<meta property=\"og:url\" content=\"https:\/\/serieq.com.br\/index.php\/about\/\" \/>\n<meta property=\"og:site_name\" content=\"S\u00e9rie-Q Inform\u00e1tica\" \/>\n<meta property=\"article:modified_time\" content=\"2023-05-26T18:16:04+00:00\" \/>\n<meta property=\"og:image\" content=\"https:\/\/serieq.com.br\/wp-content\/uploads\/2021\/10\/qr.png\" \/>\n<meta name=\"twitter:card\" content=\"summary_large_image\" \/>\n<meta name=\"twitter:label1\" content=\"Est. reading time\" \/>\n\t<meta name=\"twitter:data1\" content=\"2 minutes\" \/>\n<script type=\"application\/ld+json\" class=\"yoast-schema-graph\">{\"@context\":\"https:\/\/schema.org\",\"@graph\":[{\"@type\":\"WebPage\",\"@id\":\"https:\/\/serieq.com.br\/index.php\/about\/\",\"url\":\"https:\/\/serieq.com.br\/index.php\/about\/\",\"name\":\"Quem Somos - S\u00e9rie-Q Inform\u00e1tica\",\"isPartOf\":{\"@id\":\"https:\/\/serieq.com.br\/#website\"},\"primaryImageOfPage\":{\"@id\":\"https:\/\/serieq.com.br\/index.php\/about\/#primaryimage\"},\"image\":{\"@id\":\"https:\/\/serieq.com.br\/index.php\/about\/#primaryimage\"},\"thumbnailUrl\":\"https:\/\/serieq.com.br\/wp-content\/uploads\/2021\/10\/qr.png\",\"datePublished\":\"2021-07-02T13:20:17+00:00\",\"dateModified\":\"2023-05-26T18:16:04+00:00\",\"breadcrumb\":{\"@id\":\"https:\/\/serieq.com.br\/index.php\/about\/#breadcrumb\"},\"inLanguage\":\"en-US\",\"potentialAction\":[{\"@type\":\"ReadAction\",\"target\":[\"https:\/\/serieq.com.br\/index.php\/about\/\"]}]},{\"@type\":\"ImageObject\",\"inLanguage\":\"en-US\",\"@id\":\"https:\/\/serieq.com.br\/index.php\/about\/#primaryimage\",\"url\":\"https:\/\/serieq.com.br\/wp-content\/uploads\/2021\/10\/qr.png\",\"contentUrl\":\"https:\/\/serieq.com.br\/wp-content\/uploads\/2021\/10\/qr.png\",\"width\":1024,\"height\":768},{\"@type\":\"BreadcrumbList\",\"@id\":\"https:\/\/serieq.com.br\/index.php\/about\/#breadcrumb\",\"itemListElement\":[{\"@type\":\"ListItem\",\"position\":1,\"name\":\"Home\",\"item\":\"https:\/\/serieq.com.br\/\"},{\"@type\":\"ListItem\",\"position\":2,\"name\":\"Quem Somos\"}]},{\"@type\":\"WebSite\",\"@id\":\"https:\/\/serieq.com.br\/#website\",\"url\":\"https:\/\/serieq.com.br\/\",\"name\":\"S\u00e9rie-Q Inform\u00e1tica\",\"description\":\"\",\"potentialAction\":[{\"@type\":\"SearchAction\",\"target\":{\"@type\":\"EntryPoint\",\"urlTemplate\":\"https:\/\/serieq.com.br\/?s={search_term_string}\"},\"query-input\":{\"@type\":\"PropertyValueSpecification\",\"valueRequired\":true,\"valueName\":\"search_term_string\"}}],\"inLanguage\":\"en-US\"}]}<\/script>\n<!-- \/ Yoast SEO plugin. -->","yoast_head_json":{"title":"Quem Somos - S\u00e9rie-Q Inform\u00e1tica","robots":{"index":"index","follow":"follow","max-snippet":"max-snippet:-1","max-image-preview":"max-image-preview:large","max-video-preview":"max-video-preview:-1"},"canonical":"https:\/\/serieq.com.br\/index.php\/about\/","og_locale":"en_US","og_type":"article","og_title":"Quem Somos - S\u00e9rie-Q Inform\u00e1tica","og_description":"Desde 1985, a S\u00e9rie-Q se destaca no desenvolvimento de softwares e aplica\u00e7\u00f5es para Automa\u00e7\u00e3o e Controle da Qualidade Industrial no Brasil. Nossa ampla gama de produtos abrange \u00e1reas como Metrologia, Controle Estat\u00edstico do Processo, Inspe\u00e7\u00e3o Autom\u00e1tica e aplicativos de coleta de dados em tempo real, com integra\u00e7\u00e3o a bancos de dados e sistemas corporativos. Al\u00e9m ... Continue Reading","og_url":"https:\/\/serieq.com.br\/index.php\/about\/","og_site_name":"S\u00e9rie-Q Inform\u00e1tica","article_modified_time":"2023-05-26T18:16:04+00:00","og_image":[{"url":"https:\/\/serieq.com.br\/wp-content\/uploads\/2021\/10\/qr.png","type":"","width":"","height":""}],"twitter_card":"summary_large_image","twitter_misc":{"Est. reading time":"2 minutes"},"schema":{"@context":"https:\/\/schema.org","@graph":[{"@type":"WebPage","@id":"https:\/\/serieq.com.br\/index.php\/about\/","url":"https:\/\/serieq.com.br\/index.php\/about\/","name":"Quem Somos - S\u00e9rie-Q Inform\u00e1tica","isPartOf":{"@id":"https:\/\/serieq.com.br\/#website"},"primaryImageOfPage":{"@id":"https:\/\/serieq.com.br\/index.php\/about\/#primaryimage"},"image":{"@id":"https:\/\/serieq.com.br\/index.php\/about\/#primaryimage"},"thumbnailUrl":"https:\/\/serieq.com.br\/wp-content\/uploads\/2021\/10\/qr.png","datePublished":"2021-07-02T13:20:17+00:00","dateModified":"2023-05-26T18:16:04+00:00","breadcrumb":{"@id":"https:\/\/serieq.com.br\/index.php\/about\/#breadcrumb"},"inLanguage":"en-US","potentialAction":[{"@type":"ReadAction","target":["https:\/\/serieq.com.br\/index.php\/about\/"]}]},{"@type":"ImageObject","inLanguage":"en-US","@id":"https:\/\/serieq.com.br\/index.php\/about\/#primaryimage","url":"https:\/\/serieq.com.br\/wp-content\/uploads\/2021\/10\/qr.png","contentUrl":"https:\/\/serieq.com.br\/wp-content\/uploads\/2021\/10\/qr.png","width":1024,"height":768},{"@type":"BreadcrumbList","@id":"https:\/\/serieq.com.br\/index.php\/about\/#breadcrumb","itemListElement":[{"@type":"ListItem","position":1,"name":"Home","item":"https:\/\/serieq.com.br\/"},{"@type":"ListItem","position":2,"name":"Quem Somos"}]},{"@type":"WebSite","@id":"https:\/\/serieq.com.br\/#website","url":"https:\/\/serieq.com.br\/","name":"S\u00e9rie-Q Inform\u00e1tica","description":"","potentialAction":[{"@type":"SearchAction","target":{"@type":"EntryPoint","urlTemplate":"https:\/\/serieq.com.br\/?s={search_term_string}"},"query-input":{"@type":"PropertyValueSpecification","valueRequired":true,"valueName":"search_term_string"}}],"inLanguage":"en-US"}]}},"_links":{"self":[{"href":"https:\/\/serieq.com.br\/index.php\/wp-json\/wp\/v2\/pages\/21","targetHints":{"allow":["GET"]}}],"collection":[{"href":"https:\/\/serieq.com.br\/index.php\/wp-json\/wp\/v2\/pages"}],"about":[{"href":"https:\/\/serieq.com.br\/index.php\/wp-json\/wp\/v2\/types\/page"}],"author":[{"embeddable":true,"href":"https:\/\/serieq.com.br\/index.php\/wp-json\/wp\/v2\/users\/1"}],"replies":[{"embeddable":true,"href":"https:\/\/serieq.com.br\/index.php\/wp-json\/wp\/v2\/comments?post=21"}],"version-history":[{"count":9,"href":"https:\/\/serieq.com.br\/index.php\/wp-json\/wp\/v2\/pages\/21\/revisions"}],"predecessor-version":[{"id":543,"href":"https:\/\/serieq.com.br\/index.php\/wp-json\/wp\/v2\/pages\/21\/revisions\/543"}],"wp:attachment":[{"href":"https:\/\/serieq.com.br\/index.php\/wp-json\/wp\/v2\/media?parent=21"}],"curies":[{"name":"wp","href":"https:\/\/api.w.org\/{rel}","templated":true}]}}