{"id":630,"date":"2024-10-09T12:40:51","date_gmt":"2024-10-09T12:40:51","guid":{"rendered":"https:\/\/serieq.com.br\/?page_id=630"},"modified":"2024-10-09T13:25:29","modified_gmt":"2024-10-09T13:25:29","slug":"projetos","status":"publish","type":"page","link":"https:\/\/serieq.com.br\/index.php\/projetos\/","title":{"rendered":"Projetos"},"content":{"rendered":"\t\t<div data-elementor-type=\"wp-page\" data-elementor-id=\"630\" class=\"elementor elementor-630\">\n\t\t\t\t\t\t<section class=\"elementor-section elementor-top-section elementor-element elementor-element-9b0b868 elementor-section-boxed elementor-section-height-default elementor-section-height-default\" data-id=\"9b0b868\" data-element_type=\"section\">\n\t\t\t\t\t\t<div class=\"elementor-container elementor-column-gap-default\">\n\t\t\t\t\t<div class=\"elementor-column elementor-col-50 elementor-top-column elementor-element elementor-element-9714ea0\" data-id=\"9714ea0\" data-element_type=\"column\">\n\t\t\t<div class=\"elementor-widget-wrap elementor-element-populated\">\n\t\t\t\t\t\t<div class=\"elementor-element elementor-element-8dceb3f elementor-widget elementor-widget-heading\" data-id=\"8dceb3f\" data-element_type=\"widget\" data-widget_type=\"heading.default\">\n\t\t\t\t<div class=\"elementor-widget-container\">\n\t\t\t<h2 class=\"elementor-heading-title elementor-size-default\"><h4><strong><span style=\"color: #4a69c7\">Projetos Personalizados para Qualidade Industrial:<\/span><\/strong> Conversores de Dados, Gest\u00e3o de Arquivos, geradores de estudos para Q-DAS, entre outros<\/h4><\/h2>\t\t<\/div>\n\t\t\t\t<\/div>\n\t\t\t\t<div class=\"elementor-element elementor-element-e48c7cf elementor-widget elementor-widget-text-editor\" data-id=\"e48c7cf\" data-element_type=\"widget\" data-widget_type=\"text-editor.default\">\n\t\t\t\t<div class=\"elementor-widget-container\">\n\t\t\t\t\t\t\t<p>N\u00f3s criamos <strong>conversores de dados<\/strong> que facilitam a comunica\u00e7\u00e3o entre diferentes plataformas, al\u00e9m de <strong>organizadores de arquivos<\/strong> que melhoram a gest\u00e3o documental e garantem conformidade com normas de qualidade. Tamb\u00e9m oferecemos <strong>integra\u00e7\u00e3o com instrumentos de medi\u00e7\u00e3o<\/strong>, permitindo uma comunica\u00e7\u00e3o direta e a <strong>exporta\u00e7\u00e3o de dados<\/strong> para softwares como o <strong>Q-DAS<\/strong>, garantindo a padroniza\u00e7\u00e3o e a an\u00e1lise avan\u00e7ada dos resultados de medi\u00e7\u00e3o.<\/p>\t\t\t\t\t\t<\/div>\n\t\t\t\t<\/div>\n\t\t\t\t<div class=\"elementor-element elementor-element-5f5f88f elementor-widget elementor-widget-image\" data-id=\"5f5f88f\" data-element_type=\"widget\" data-widget_type=\"image.default\">\n\t\t\t\t<div class=\"elementor-widget-container\">\n\t\t\t\t\t\t\t\t\t\t\t\t\t<img fetchpriority=\"high\" decoding=\"async\" width=\"980\" height=\"653\" src=\"https:\/\/serieq.com.br\/wp-content\/uploads\/2024\/10\/code-5113374_1280-1024x682.jpg\" class=\"attachment-large size-large wp-image-634 img-responsive\" alt=\"\" srcset=\"https:\/\/serieq.com.br\/wp-content\/uploads\/2024\/10\/code-5113374_1280-1024x682.jpg 1024w, https:\/\/serieq.com.br\/wp-content\/uploads\/2024\/10\/code-5113374_1280-300x200.jpg 300w, https:\/\/serieq.com.br\/wp-content\/uploads\/2024\/10\/code-5113374_1280-768x512.jpg 768w, https:\/\/serieq.com.br\/wp-content\/uploads\/2024\/10\/code-5113374_1280-750x500.jpg 750w, https:\/\/serieq.com.br\/wp-content\/uploads\/2024\/10\/code-5113374_1280.jpg 1280w\" sizes=\"(max-width: 980px) 100vw, 980px\" \/>\t\t\t\t\t\t\t\t\t\t\t\t\t<\/div>\n\t\t\t\t<\/div>\n\t\t\t\t\t<\/div>\n\t\t<\/div>\n\t\t\t\t<div class=\"elementor-column elementor-col-50 elementor-top-column elementor-element elementor-element-e66d2f1\" data-id=\"e66d2f1\" data-element_type=\"column\">\n\t\t\t<div class=\"elementor-widget-wrap elementor-element-populated\">\n\t\t\t\t\t\t<div class=\"elementor-element elementor-element-5313826 elementor-widget elementor-widget-text-editor\" data-id=\"5313826\" data-element_type=\"widget\" data-widget_type=\"text-editor.default\">\n\t\t\t\t<div class=\"elementor-widget-container\">\n\t\t\t\t\t\t\t<p>A cria\u00e7\u00e3o de um <strong>projeto personalizado<\/strong> para a \u00e1rea de <strong>qualidade industrial<\/strong> \u00e9 fundamental para atender \u00e0s demandas espec\u00edficas de cada empresa, garantindo maior <strong>efici\u00eancia<\/strong> e <strong>precis\u00e3o<\/strong> nos processos. Desenvolver solu\u00e7\u00f5es sob medida permite otimizar o fluxo de trabalho, integrando sistemas e tecnologias de forma eficaz.<\/p>\t\t\t\t\t\t<\/div>\n\t\t\t\t<\/div>\n\t\t\t\t<div class=\"elementor-element elementor-element-12eb7e0 elementor-widget elementor-widget-image\" data-id=\"12eb7e0\" data-element_type=\"widget\" data-widget_type=\"image.default\">\n\t\t\t\t<div class=\"elementor-widget-container\">\n\t\t\t\t\t\t\t\t\t\t\t\t\t<img decoding=\"async\" width=\"980\" height=\"654\" src=\"https:\/\/serieq.com.br\/wp-content\/uploads\/2024\/10\/code-820275_1920-1024x683.jpg\" class=\"attachment-large size-large wp-image-633 img-responsive\" alt=\"\" srcset=\"https:\/\/serieq.com.br\/wp-content\/uploads\/2024\/10\/code-820275_1920-1024x683.jpg 1024w, https:\/\/serieq.com.br\/wp-content\/uploads\/2024\/10\/code-820275_1920-300x200.jpg 300w, https:\/\/serieq.com.br\/wp-content\/uploads\/2024\/10\/code-820275_1920-768x512.jpg 768w, https:\/\/serieq.com.br\/wp-content\/uploads\/2024\/10\/code-820275_1920-1536x1024.jpg 1536w, https:\/\/serieq.com.br\/wp-content\/uploads\/2024\/10\/code-820275_1920-750x500.jpg 750w, https:\/\/serieq.com.br\/wp-content\/uploads\/2024\/10\/code-820275_1920.jpg 1920w\" sizes=\"(max-width: 980px) 100vw, 980px\" \/>\t\t\t\t\t\t\t\t\t\t\t\t\t<\/div>\n\t\t\t\t<\/div>\n\t\t\t\t<div class=\"elementor-element elementor-element-b5e0f2b elementor-widget elementor-widget-text-editor\" data-id=\"b5e0f2b\" data-element_type=\"widget\" data-widget_type=\"text-editor.default\">\n\t\t\t\t<div class=\"elementor-widget-container\">\n\t\t\t\t\t\t\t<p>Projetos customizados asseguram que sua empresa ter\u00e1 uma solu\u00e7\u00e3o alinhada com as necessidades de <strong>calibra\u00e7\u00e3o<\/strong>, <strong>controle estat\u00edstico de processos (CEP)<\/strong> e <strong>gest\u00e3o de instrumentos<\/strong>, maximizando a produtividade e garantindo a qualidade cont\u00ednua.<\/p>\t\t\t\t\t\t<\/div>\n\t\t\t\t<\/div>\n\t\t\t\t\t<\/div>\n\t\t<\/div>\n\t\t\t\t\t<\/div>\n\t\t<\/section>\n\t\t\t\t<\/div>\n\t\t","protected":false},"excerpt":{"rendered":"<p>Projetos Personalizados para Qualidade Industrial: Conversores de Dados, Gest\u00e3o de Arquivos, geradores de estudos para Q-DAS, entre outros N\u00f3s criamos conversores de dados que facilitam a comunica\u00e7\u00e3o entre diferentes plataformas, al\u00e9m de organizadores de arquivos que melhoram a gest\u00e3o documental e garantem conformidade com normas de qualidade. Tamb\u00e9m oferecemos integra\u00e7\u00e3o com instrumentos de medi\u00e7\u00e3o, permitindo &#8230; <a href=\"https:\/\/serieq.com.br\/index.php\/projetos\/\" class=\"more-link text-uppercase small\"><strong>Continue Reading<\/strong> <i class=\"fa fa-angle-double-right\" aria-hidden=\"true\"><\/i><\/a><\/p>\n","protected":false},"author":1,"featured_media":0,"parent":0,"menu_order":0,"comment_status":"closed","ping_status":"closed","template":"","meta":{"_monsterinsights_skip_tracking":false,"_monsterinsights_sitenote_active":false,"_monsterinsights_sitenote_note":"","_monsterinsights_sitenote_category":0,"footnotes":""},"class_list":["post-630","page","type-page","status-publish","hentry"],"aioseo_notices":[],"yoast_head":"<!-- This site is optimized with the Yoast SEO plugin v25.9 - https:\/\/yoast.com\/wordpress\/plugins\/seo\/ -->\n<title>Projetos - S\u00e9rie-Q Inform\u00e1tica<\/title>\n<meta name=\"robots\" content=\"index, follow, max-snippet:-1, max-image-preview:large, max-video-preview:-1\" \/>\n<link rel=\"canonical\" href=\"https:\/\/serieq.com.br\/index.php\/projetos\/\" \/>\n<meta property=\"og:locale\" content=\"en_US\" \/>\n<meta property=\"og:type\" content=\"article\" \/>\n<meta property=\"og:title\" content=\"Projetos - S\u00e9rie-Q Inform\u00e1tica\" \/>\n<meta property=\"og:description\" content=\"Projetos Personalizados para Qualidade Industrial: Conversores de Dados, Gest\u00e3o de Arquivos, geradores de estudos para Q-DAS, entre outros N\u00f3s criamos conversores de dados que facilitam a comunica\u00e7\u00e3o entre diferentes plataformas, al\u00e9m de organizadores de arquivos que melhoram a gest\u00e3o documental e garantem conformidade com normas de qualidade. Tamb\u00e9m oferecemos integra\u00e7\u00e3o com instrumentos de medi\u00e7\u00e3o, permitindo ... Continue Reading\" \/>\n<meta property=\"og:url\" content=\"https:\/\/serieq.com.br\/index.php\/projetos\/\" \/>\n<meta property=\"og:site_name\" content=\"S\u00e9rie-Q Inform\u00e1tica\" \/>\n<meta property=\"article:modified_time\" content=\"2024-10-09T13:25:29+00:00\" \/>\n<meta property=\"og:image\" content=\"https:\/\/serieq.com.br\/wp-content\/uploads\/2024\/10\/code-5113374_1280-1024x682.jpg\" \/>\n<meta name=\"twitter:card\" content=\"summary_large_image\" \/>\n<meta name=\"twitter:label1\" content=\"Est. reading time\" \/>\n\t<meta name=\"twitter:data1\" content=\"1 minute\" \/>\n<script type=\"application\/ld+json\" class=\"yoast-schema-graph\">{\"@context\":\"https:\/\/schema.org\",\"@graph\":[{\"@type\":\"WebPage\",\"@id\":\"https:\/\/serieq.com.br\/index.php\/projetos\/\",\"url\":\"https:\/\/serieq.com.br\/index.php\/projetos\/\",\"name\":\"Projetos - S\u00e9rie-Q Inform\u00e1tica\",\"isPartOf\":{\"@id\":\"https:\/\/serieq.com.br\/#website\"},\"primaryImageOfPage\":{\"@id\":\"https:\/\/serieq.com.br\/index.php\/projetos\/#primaryimage\"},\"image\":{\"@id\":\"https:\/\/serieq.com.br\/index.php\/projetos\/#primaryimage\"},\"thumbnailUrl\":\"https:\/\/serieq.com.br\/wp-content\/uploads\/2024\/10\/code-5113374_1280-1024x682.jpg\",\"datePublished\":\"2024-10-09T12:40:51+00:00\",\"dateModified\":\"2024-10-09T13:25:29+00:00\",\"breadcrumb\":{\"@id\":\"https:\/\/serieq.com.br\/index.php\/projetos\/#breadcrumb\"},\"inLanguage\":\"en-US\",\"potentialAction\":[{\"@type\":\"ReadAction\",\"target\":[\"https:\/\/serieq.com.br\/index.php\/projetos\/\"]}]},{\"@type\":\"ImageObject\",\"inLanguage\":\"en-US\",\"@id\":\"https:\/\/serieq.com.br\/index.php\/projetos\/#primaryimage\",\"url\":\"https:\/\/serieq.com.br\/wp-content\/uploads\/2024\/10\/code-5113374_1280.jpg\",\"contentUrl\":\"https:\/\/serieq.com.br\/wp-content\/uploads\/2024\/10\/code-5113374_1280.jpg\",\"width\":1280,\"height\":853},{\"@type\":\"BreadcrumbList\",\"@id\":\"https:\/\/serieq.com.br\/index.php\/projetos\/#breadcrumb\",\"itemListElement\":[{\"@type\":\"ListItem\",\"position\":1,\"name\":\"Home\",\"item\":\"https:\/\/serieq.com.br\/\"},{\"@type\":\"ListItem\",\"position\":2,\"name\":\"Projetos\"}]},{\"@type\":\"WebSite\",\"@id\":\"https:\/\/serieq.com.br\/#website\",\"url\":\"https:\/\/serieq.com.br\/\",\"name\":\"S\u00e9rie-Q Inform\u00e1tica\",\"description\":\"\",\"potentialAction\":[{\"@type\":\"SearchAction\",\"target\":{\"@type\":\"EntryPoint\",\"urlTemplate\":\"https:\/\/serieq.com.br\/?s={search_term_string}\"},\"query-input\":{\"@type\":\"PropertyValueSpecification\",\"valueRequired\":true,\"valueName\":\"search_term_string\"}}],\"inLanguage\":\"en-US\"}]}<\/script>\n<!-- \/ Yoast SEO plugin. -->","yoast_head_json":{"title":"Projetos - S\u00e9rie-Q Inform\u00e1tica","robots":{"index":"index","follow":"follow","max-snippet":"max-snippet:-1","max-image-preview":"max-image-preview:large","max-video-preview":"max-video-preview:-1"},"canonical":"https:\/\/serieq.com.br\/index.php\/projetos\/","og_locale":"en_US","og_type":"article","og_title":"Projetos - S\u00e9rie-Q Inform\u00e1tica","og_description":"Projetos Personalizados para Qualidade Industrial: Conversores de Dados, Gest\u00e3o de Arquivos, geradores de estudos para Q-DAS, entre outros N\u00f3s criamos conversores de dados que facilitam a comunica\u00e7\u00e3o entre diferentes plataformas, al\u00e9m de organizadores de arquivos que melhoram a gest\u00e3o documental e garantem conformidade com normas de qualidade. Tamb\u00e9m oferecemos integra\u00e7\u00e3o com instrumentos de medi\u00e7\u00e3o, permitindo ... Continue Reading","og_url":"https:\/\/serieq.com.br\/index.php\/projetos\/","og_site_name":"S\u00e9rie-Q Inform\u00e1tica","article_modified_time":"2024-10-09T13:25:29+00:00","og_image":[{"url":"https:\/\/serieq.com.br\/wp-content\/uploads\/2024\/10\/code-5113374_1280-1024x682.jpg","type":"","width":"","height":""}],"twitter_card":"summary_large_image","twitter_misc":{"Est. reading time":"1 minute"},"schema":{"@context":"https:\/\/schema.org","@graph":[{"@type":"WebPage","@id":"https:\/\/serieq.com.br\/index.php\/projetos\/","url":"https:\/\/serieq.com.br\/index.php\/projetos\/","name":"Projetos - S\u00e9rie-Q Inform\u00e1tica","isPartOf":{"@id":"https:\/\/serieq.com.br\/#website"},"primaryImageOfPage":{"@id":"https:\/\/serieq.com.br\/index.php\/projetos\/#primaryimage"},"image":{"@id":"https:\/\/serieq.com.br\/index.php\/projetos\/#primaryimage"},"thumbnailUrl":"https:\/\/serieq.com.br\/wp-content\/uploads\/2024\/10\/code-5113374_1280-1024x682.jpg","datePublished":"2024-10-09T12:40:51+00:00","dateModified":"2024-10-09T13:25:29+00:00","breadcrumb":{"@id":"https:\/\/serieq.com.br\/index.php\/projetos\/#breadcrumb"},"inLanguage":"en-US","potentialAction":[{"@type":"ReadAction","target":["https:\/\/serieq.com.br\/index.php\/projetos\/"]}]},{"@type":"ImageObject","inLanguage":"en-US","@id":"https:\/\/serieq.com.br\/index.php\/projetos\/#primaryimage","url":"https:\/\/serieq.com.br\/wp-content\/uploads\/2024\/10\/code-5113374_1280.jpg","contentUrl":"https:\/\/serieq.com.br\/wp-content\/uploads\/2024\/10\/code-5113374_1280.jpg","width":1280,"height":853},{"@type":"BreadcrumbList","@id":"https:\/\/serieq.com.br\/index.php\/projetos\/#breadcrumb","itemListElement":[{"@type":"ListItem","position":1,"name":"Home","item":"https:\/\/serieq.com.br\/"},{"@type":"ListItem","position":2,"name":"Projetos"}]},{"@type":"WebSite","@id":"https:\/\/serieq.com.br\/#website","url":"https:\/\/serieq.com.br\/","name":"S\u00e9rie-Q Inform\u00e1tica","description":"","potentialAction":[{"@type":"SearchAction","target":{"@type":"EntryPoint","urlTemplate":"https:\/\/serieq.com.br\/?s={search_term_string}"},"query-input":{"@type":"PropertyValueSpecification","valueRequired":true,"valueName":"search_term_string"}}],"inLanguage":"en-US"}]}},"_links":{"self":[{"href":"https:\/\/serieq.com.br\/index.php\/wp-json\/wp\/v2\/pages\/630","targetHints":{"allow":["GET"]}}],"collection":[{"href":"https:\/\/serieq.com.br\/index.php\/wp-json\/wp\/v2\/pages"}],"about":[{"href":"https:\/\/serieq.com.br\/index.php\/wp-json\/wp\/v2\/types\/page"}],"author":[{"embeddable":true,"href":"https:\/\/serieq.com.br\/index.php\/wp-json\/wp\/v2\/users\/1"}],"replies":[{"embeddable":true,"href":"https:\/\/serieq.com.br\/index.php\/wp-json\/wp\/v2\/comments?post=630"}],"version-history":[{"count":4,"href":"https:\/\/serieq.com.br\/index.php\/wp-json\/wp\/v2\/pages\/630\/revisions"}],"predecessor-version":[{"id":637,"href":"https:\/\/serieq.com.br\/index.php\/wp-json\/wp\/v2\/pages\/630\/revisions\/637"}],"wp:attachment":[{"href":"https:\/\/serieq.com.br\/index.php\/wp-json\/wp\/v2\/media?parent=630"}],"curies":[{"name":"wp","href":"https:\/\/api.w.org\/{rel}","templated":true}]}}